{"id":255,"date":"2025-05-07T11:32:29","date_gmt":"2025-05-07T09:32:29","guid":{"rendered":"https:\/\/gopsss.charsznica.pl\/?page_id=255"},"modified":"2025-07-28T12:36:31","modified_gmt":"2025-07-28T10:36:31","slug":"programy-realizowane-przez-gops","status":"publish","type":"page","link":"https:\/\/gops.charsznica.pl\/?page_id=255","title":{"rendered":"PROGRAMY REALIZOWANE PRZEZ GOPS"},"content":{"rendered":"<p>[et_pb_section fb_built=&#8221;1&#8243; admin_label=&#8221;Services&#8221; _builder_version=&#8221;4.19.0&#8243; _module_preset=&#8221;default&#8221; locked=&#8221;off&#8221; collapsed=&#8221;on&#8221; global_colors_info=&#8221;{}&#8221;][et_pb_row _builder_version=&#8221;4.18.0&#8243; _module_preset=&#8221;5138c454-be54-4233-bd3b-f8e6a8747976&#8243; custom_margin=&#8221;|auto|-10px|auto|false|false&#8221; locked=&#8221;off&#8221; global_colors_info=&#8221;{}&#8221; admin_label=&#8221;Wiersz&#8221;][et_pb_column type=&#8221;4_4&#8243; _builder_version=&#8221;4.18.0&#8243; _module_preset=&#8221;73121f80-a3ef-4484-8763-c3f18e3c56d2&#8243; global_colors_info=&#8221;{}&#8221; admin_label=&#8221;Kolumna&#8221;][et_pb_heading title=&#8221;PROGRAMY REALIZOWANE PRZEZ GOPS&#8221; _builder_version=&#8221;4.24.2&#8243; _module_preset=&#8221;c33f07d9-41e0-421a-8799-5799df695cce&#8221; title_text_align=&#8221;center&#8221; global_colors_info=&#8221;{}&#8221;][\/et_pb_heading][\/et_pb_column][\/et_pb_row][et_pb_row column_structure=&#8221;1_2,1_2&#8243; make_equal=&#8221;on&#8221; custom_padding_last_edited=&#8221;on|tablet&#8221; _builder_version=&#8221;4.24.3&#8243; _module_preset=&#8221;5138c454-be54-4233-bd3b-f8e6a8747976&#8243; custom_padding_tablet=&#8221;||0px||false|false&#8221; custom_padding_phone=&#8221;||0px||false|false&#8221; global_colors_info=&#8221;{}&#8221;][et_pb_column type=&#8221;1_2&#8243; _builder_version=&#8221;4.27.4&#8243; _module_preset=&#8221;73121f80-a3ef-4484-8763-c3f18e3c56d2&#8243; use_background_color_gradient=&#8221;on&#8221; background_color_gradient_direction=&#8221;0deg&#8221; background_color_gradient_stops=&#8221;#000000 15%|rgba(255,255,255,0) 85%&#8221; background_color_gradient_overlays_image=&#8221;on&#8221; background_image=&#8221;http:\/\/gops.charsznica.pl\/wp-content\/uploads\/2024\/10\/0-fdd157c8-3766-419c-9351-8585484f3a79-800&#215;600.jpg&#8221; custom_padding=&#8221;200px|30px|30px|30px|false|true&#8221; custom_padding_tablet=&#8221;130px|30px|30px|30px|false|true&#8221; custom_padding_phone=&#8221;100px|20px|20px|20px|false|true&#8221; custom_padding_last_edited=&#8221;on|desktop&#8221; border_radii=&#8221;on|6px|6px|6px|6px&#8221; global_colors_info=&#8221;{}&#8221; title_text=&#8221;0-fdd157c8-3766-419c-9351-8585484f3a79-800&#215;600&#8243;][et_pb_heading title=&#8221;Asystent Osobisty osoby z niepe\u0142nosprawno\u015bci\u0105&#8221; _builder_version=&#8221;4.27.4&#8243; _module_preset=&#8221;8c21dae4-c59d-4c2b-958c-0e045c7f06d6&#8243; title_text_color=&#8221;#FFFFFF&#8221; global_colors_info=&#8221;{}&#8221;][\/et_pb_heading][et_pb_button button_text=&#8221;Dowiedz si\u0119 wi\u0119cej&#8221; _builder_version=&#8221;4.27.4&#8243; _module_preset=&#8221;1bffc0fc-42a0-49d1-bd9a-ae3ade2d7206&#8243; button_bg_color=&#8221;gcid-secondary-color&#8221; hover_enabled=&#8221;0&#8243; global_colors_info=&#8221;{%22gcid-secondary-color%22:%91%22button_bg_color%22%93}&#8221; button_url=&#8221;https:\/\/gops.charsznica.pl\/?page_id=310&#8243; sticky_enabled=&#8221;0&#8243;][\/et_pb_button][\/et_pb_column][et_pb_column type=&#8221;1_2&#8243; _builder_version=&#8221;4.27.4&#8243; _module_preset=&#8221;73121f80-a3ef-4484-8763-c3f18e3c56d2&#8243; use_background_color_gradient=&#8221;on&#8221; background_color_gradient_direction=&#8221;0deg&#8221; background_color_gradient_stops=&#8221;#000000 15%|rgba(255,255,255,0) 85%&#8221; background_color_gradient_overlays_image=&#8221;on&#8221; background_image=&#8221;http:\/\/gops.charsznica.pl\/wp-content\/uploads\/2024\/10\/0-75bf204d-2e1d-4cc9-bcd1-8427d8db6c5f-800&#215;600.jpg&#8221; custom_padding=&#8221;200px|30px|30px|30px|false|true&#8221; custom_padding_tablet=&#8221;130px|30px|30px|30px|false|true&#8221; custom_padding_phone=&#8221;100px|20px|20px|20px|false|true&#8221; custom_padding_last_edited=&#8221;on|desktop&#8221; border_radii=&#8221;on|6px|6px|6px|6px&#8221; global_colors_info=&#8221;{}&#8221; title_text=&#8221;0-75bf204d-2e1d-4cc9-bcd1-8427d8db6c5f-800&#215;600&#8243;][et_pb_heading title=&#8221;Asystent Rodziny&#8221; _builder_version=&#8221;4.27.4&#8243; _module_preset=&#8221;8c21dae4-c59d-4c2b-958c-0e045c7f06d6&#8243; title_text_color=&#8221;#FFFFFF&#8221; locked=&#8221;off&#8221; global_colors_info=&#8221;{}&#8221;][\/et_pb_heading][et_pb_button button_text=&#8221;Dowiedz si\u0119 wi\u0119cej&#8221; _builder_version=&#8221;4.27.4&#8243; _module_preset=&#8221;1bffc0fc-42a0-49d1-bd9a-ae3ade2d7206&#8243; button_bg_color=&#8221;gcid-secondary-color&#8221; hover_enabled=&#8221;0&#8243; locked=&#8221;off&#8221; global_colors_info=&#8221;{%22gcid-secondary-color%22:%91%22button_bg_color%22%93}&#8221; button_url=&#8221;https:\/\/gops.charsznica.pl\/?page_id=312&#8243; sticky_enabled=&#8221;0&#8243;][\/et_pb_button][\/et_pb_column][\/et_pb_row][et_pb_row column_structure=&#8221;1_2,1_2&#8243; make_equal=&#8221;on&#8221; custom_padding_last_edited=&#8221;on|tablet&#8221; _builder_version=&#8221;4.24.3&#8243; _module_preset=&#8221;5138c454-be54-4233-bd3b-f8e6a8747976&#8243; custom_padding_tablet=&#8221;||0px||false|false&#8221; custom_padding_phone=&#8221;||0px||false|false&#8221; hover_enabled=&#8221;0&#8243; global_colors_info=&#8221;{}&#8221; sticky_enabled=&#8221;0&#8243;][et_pb_column type=&#8221;1_2&#8243; _builder_version=&#8221;4.27.4&#8243; _module_preset=&#8221;73121f80-a3ef-4484-8763-c3f18e3c56d2&#8243; use_background_color_gradient=&#8221;on&#8221; background_color_gradient_direction=&#8221;0deg&#8221; background_color_gradient_stops=&#8221;#000000 15%|rgba(255,255,255,0) 85%&#8221; background_color_gradient_overlays_image=&#8221;on&#8221; background_image=&#8221;http:\/\/gops.charsznica.pl\/wp-content\/uploads\/2024\/10\/0-6dda6a49-7c54-4509-aa1a-695596094631-800&#215;600.jpg&#8221; custom_padding=&#8221;200px|30px|30px|30px|false|true&#8221; custom_padding_tablet=&#8221;130px|30px|30px|30px|false|true&#8221; custom_padding_phone=&#8221;100px|20px|20px|20px|false|true&#8221; custom_padding_last_edited=&#8221;on|desktop&#8221; border_radii=&#8221;on|6px|6px|6px|6px&#8221; global_colors_info=&#8221;{}&#8221; title_text=&#8221;0-6dda6a49-7c54-4509-aa1a-695596094631-800&#215;600&#8243;][et_pb_heading title=&#8221;Posi\u0142ek w szkole i w domu&#8221; _builder_version=&#8221;4.27.4&#8243; _module_preset=&#8221;8c21dae4-c59d-4c2b-958c-0e045c7f06d6&#8243; title_text_color=&#8221;#FFFFFF&#8221; global_colors_info=&#8221;{}&#8221;][\/et_pb_heading][et_pb_button button_text=&#8221;Dowiedz si\u0119 wi\u0119cej&#8221; _builder_version=&#8221;4.27.4&#8243; _module_preset=&#8221;1bffc0fc-42a0-49d1-bd9a-ae3ade2d7206&#8243; button_bg_color=&#8221;gcid-secondary-color&#8221; hover_enabled=&#8221;0&#8243; locked=&#8221;off&#8221; global_colors_info=&#8221;{%22gcid-secondary-color%22:%91%22button_bg_color%22%93}&#8221; button_url=&#8221;https:\/\/gops.charsznica.pl\/?page_id=316&#8243; sticky_enabled=&#8221;0&#8243;][\/et_pb_button][\/et_pb_column][et_pb_column type=&#8221;1_2&#8243; _builder_version=&#8221;4.27.4&#8243; _module_preset=&#8221;73121f80-a3ef-4484-8763-c3f18e3c56d2&#8243; use_background_color_gradient=&#8221;on&#8221; background_color_gradient_direction=&#8221;0deg&#8221; background_color_gradient_stops=&#8221;#000000 15%|rgba(255,255,255,0) 85%&#8221; background_color_gradient_overlays_image=&#8221;on&#8221; background_image=&#8221;http:\/\/gops.charsznica.pl\/wp-content\/uploads\/2024\/10\/0-271194d4-887e-406d-b895-60508787c0b5-800&#215;600.jpg&#8221; custom_padding=&#8221;200px|30px|30px|30px|false|true&#8221; custom_padding_tablet=&#8221;130px|30px|30px|30px|false|true&#8221; custom_padding_phone=&#8221;100px|20px|20px|20px|false|true&#8221; custom_padding_last_edited=&#8221;on|desktop&#8221; hover_enabled=&#8221;0&#8243; border_radii=&#8221;on|6px|6px|6px|6px&#8221; global_colors_info=&#8221;{}&#8221; title_text=&#8221;0-271194d4-887e-406d-b895-60508787c0b5-800&#215;600&#8243; sticky_enabled=&#8221;0&#8243;][et_pb_heading title=&#8221;Program Fundusze Europejskie na Pomoc \u017bywno\u015bciow\u0105 2021-2027 -Podprogram 2024&#8243; _builder_version=&#8221;4.27.4&#8243; _module_preset=&#8221;8c21dae4-c59d-4c2b-958c-0e045c7f06d6&#8243; title_text_color=&#8221;#FFFFFF&#8221; locked=&#8221;off&#8221; global_colors_info=&#8221;{}&#8221;][\/et_pb_heading][et_pb_button button_text=&#8221;Dowiedz si\u0119 wi\u0119cej&#8221; _builder_version=&#8221;4.27.4&#8243; _module_preset=&#8221;1bffc0fc-42a0-49d1-bd9a-ae3ade2d7206&#8243; button_bg_color=&#8221;gcid-secondary-color&#8221; hover_enabled=&#8221;0&#8243; locked=&#8221;off&#8221; global_colors_info=&#8221;{%22gcid-secondary-color%22:%91%22button_bg_color%22%93}&#8221; button_url=&#8221;https:\/\/gops.charsznica.pl\/?page_id=318&#8243; sticky_enabled=&#8221;0&#8243;][\/et_pb_button][\/et_pb_column][\/et_pb_row][\/et_pb_section]<\/p>\n","protected":false},"excerpt":{"rendered":"","protected":false},"author":1,"featured_media":0,"parent":100,"menu_order":0,"comment_status":"closed","ping_status":"closed","template":"","meta":{"_et_pb_use_builder":"on","_et_pb_old_content":"","_et_gb_content_width":"","footnotes":""},"class_list":["post-255","page","type-page","status-publish","hentry"],"_links":{"self":[{"href":"https:\/\/gops.charsznica.pl\/index.php?rest_route=\/wp\/v2\/pages\/255","targetHints":{"allow":["GET"]}}],"collection":[{"href":"https:\/\/gops.charsznica.pl\/index.php?rest_route=\/wp\/v2\/pages"}],"about":[{"href":"https:\/\/gops.charsznica.pl\/index.php?rest_route=\/wp\/v2\/types\/page"}],"author":[{"embeddable":true,"href":"https:\/\/gops.charsznica.pl\/index.php?rest_route=\/wp\/v2\/users\/1"}],"replies":[{"embeddable":true,"href":"https:\/\/gops.charsznica.pl\/index.php?rest_route=%2Fwp%2Fv2%2Fcomments&post=255"}],"version-history":[{"count":5,"href":"https:\/\/gops.charsznica.pl\/index.php?rest_route=\/wp\/v2\/pages\/255\/revisions"}],"predecessor-version":[{"id":475,"href":"https:\/\/gops.charsznica.pl\/index.php?rest_route=\/wp\/v2\/pages\/255\/revisions\/475"}],"up":[{"embeddable":true,"href":"https:\/\/gops.charsznica.pl\/index.php?rest_route=\/wp\/v2\/pages\/100"}],"wp:attachment":[{"href":"https:\/\/gops.charsznica.pl\/index.php?rest_route=%2Fwp%2Fv2%2Fmedia&parent=255"}],"curies":[{"name":"wp","href":"https:\/\/api.w.org\/{rel}","templated":true}]}}